{"id":1458,"date":"2025-03-08T10:04:27","date_gmt":"2025-03-08T09:04:27","guid":{"rendered":"https:\/\/academy.deltavcreations.com\/boutique\/sin%20categor\u00eda\/patron-de-bordado-floral-nereid\/"},"modified":"2025-11-15T21:29:15","modified_gmt":"2025-11-15T20:29:15","slug":"patron-de-bordado-flores-iris-nereid","status":"publish","type":"product","link":"https:\/\/deltavcreations.com\/academy\/es\/boutique\/patrones\/patron-de-bordado-flores-iris-nereid\/","title":{"rendered":"Patr\u00f3n de Bordado Flores de Iris \u2013 Nereid"},"content":{"rendered":"<p>Sum\u00e9rgete en un momento solo para ti, de serenidad y pura creaci\u00f3n, con Nereid: un proyecto de bordado po\u00e9tico, con dos iris en plena floraci\u00f3n enmarcados en oro.<\/p>\n<p>Este dise\u00f1o delicado y elegante es una invitaci\u00f3n a reconectar con tus manos, tu ritmo y tu creatividad, a trav\u00e9s del arte meditativo del bordado de alta costura.<\/p>\n<p>Te lo ofrezco como regalo con tu suscripci\u00f3n a mi newsletter: un instante de belleza y expresi\u00f3n personal solo para ti.<\/p>\n<p>Desliza hasta el final de esta p\u00e1gina para suscribirte y descargar este proyecto de bordado (video tutorial + patr\u00f3n), y transforma tu pr\u00f3ximo rato libre en un momento de pura magia.<\/p>\n","protected":false},"excerpt":{"rendered":"<p>Patr\u00f3n de Bordado de Alta Costura: Iris en Flor con T\u00e9cnica Lun\u00e9ville. Dise\u00f1o exclusivo, delicado y lleno de poes\u00eda.<\/p>\n","protected":false},"featured_media":2059,"template":"","meta":[],"product_brand":[],"product_cat":[34],"product_tag":[],"class_list":{"0":"post-1458","1":"product","2":"type-product","3":"status-publish","4":"has-post-thumbnail","6":"product_cat-patrones","8":"first","9":"instock","10":"sold-individually","11":"shipping-taxable","12":"purchasable","13":"product-type-variable"},"_links":{"self":[{"href":"https:\/\/deltavcreations.com\/academy\/es\/wp-json\/wp\/v2\/product\/1458","targetHints":{"allow":["GET"]}}],"collection":[{"href":"https:\/\/deltavcreations.com\/academy\/es\/wp-json\/wp\/v2\/product"}],"about":[{"href":"https:\/\/deltavcreations.com\/academy\/es\/wp-json\/wp\/v2\/types\/product"}],"wp:featuredmedia":[{"embeddable":true,"href":"https:\/\/deltavcreations.com\/academy\/es\/wp-json\/wp\/v2\/media\/2059"}],"wp:attachment":[{"href":"https:\/\/deltavcreations.com\/academy\/es\/wp-json\/wp\/v2\/media?parent=1458"}],"wp:term":[{"taxonomy":"product_brand","embeddable":true,"href":"https:\/\/deltavcreations.com\/academy\/es\/wp-json\/wp\/v2\/product_brand?post=1458"},{"taxonomy":"product_cat","embeddable":true,"href":"https:\/\/deltavcreations.com\/academy\/es\/wp-json\/wp\/v2\/product_cat?post=1458"},{"taxonomy":"product_tag","embeddable":true,"href":"https:\/\/deltavcreations.com\/academy\/es\/wp-json\/wp\/v2\/product_tag?post=1458"}],"curies":[{"name":"wp","href":"https:\/\/api.w.org\/{rel}","templated":true}]}}