{"id":1470,"date":"2025-03-08T12:31:40","date_gmt":"2025-03-08T11:31:40","guid":{"rendered":"https:\/\/academy.deltavcreations.com\/boutique\/sin%20categor\u00eda\/patron-de-bordado-estrella-del-norte-3d-polaris\/"},"modified":"2025-11-15T21:23:55","modified_gmt":"2025-11-15T20:23:55","slug":"videotutorial-estrella-del-norte-3d-polaris","status":"publish","type":"product","link":"https:\/\/deltavcreations.com\/academy\/es\/boutique\/video-tutoriales\/videotutorial-estrella-del-norte-3d-polaris\/","title":{"rendered":"Videotutorial Estrella del Norte 3D &#8211; Polaris"},"content":{"rendered":"<p>Este proyecto de bordado 3D en forma de Estrella del Norte es ideal para crear adornos navide\u00f1os radiantes.<\/p>\n<p>Esta Estrella Polar est\u00e1 bordada con tubos de cristal y peque\u00f1os cristales, refleja las luces navide\u00f1as con mil destellos, a\u00f1adiendo un toque m\u00e1gico a tu \u00e1rbol o pared.<\/p>\n","protected":false},"excerpt":{"rendered":"<p>Videotutorial de Bordado Estrella Polar 3D \u2013 Adorno Navide\u00f1o para el \u00c1rbol<\/p>\n","protected":false},"featured_media":1587,"template":"","meta":[],"product_brand":[],"product_cat":[29],"product_tag":[],"class_list":{"0":"post-1470","1":"product","2":"type-product","3":"status-publish","4":"has-post-thumbnail","6":"product_cat-video-tutoriales","8":"first","9":"instock","10":"sold-individually","11":"shipping-taxable","12":"purchasable","13":"product-type-variable"},"_links":{"self":[{"href":"https:\/\/deltavcreations.com\/academy\/es\/wp-json\/wp\/v2\/product\/1470","targetHints":{"allow":["GET"]}}],"collection":[{"href":"https:\/\/deltavcreations.com\/academy\/es\/wp-json\/wp\/v2\/product"}],"about":[{"href":"https:\/\/deltavcreations.com\/academy\/es\/wp-json\/wp\/v2\/types\/product"}],"wp:featuredmedia":[{"embeddable":true,"href":"https:\/\/deltavcreations.com\/academy\/es\/wp-json\/wp\/v2\/media\/1587"}],"wp:attachment":[{"href":"https:\/\/deltavcreations.com\/academy\/es\/wp-json\/wp\/v2\/media?parent=1470"}],"wp:term":[{"taxonomy":"product_brand","embeddable":true,"href":"https:\/\/deltavcreations.com\/academy\/es\/wp-json\/wp\/v2\/product_brand?post=1470"},{"taxonomy":"product_cat","embeddable":true,"href":"https:\/\/deltavcreations.com\/academy\/es\/wp-json\/wp\/v2\/product_cat?post=1470"},{"taxonomy":"product_tag","embeddable":true,"href":"https:\/\/deltavcreations.com\/academy\/es\/wp-json\/wp\/v2\/product_tag?post=1470"}],"curies":[{"name":"wp","href":"https:\/\/api.w.org\/{rel}","templated":true}]}}