{"id":1647,"date":"2025-03-31T15:28:34","date_gmt":"2025-03-31T13:28:34","guid":{"rendered":"https:\/\/academy.deltavcreations.com\/boutique\/sin%20categor\u00eda\/patron-de-bordado-copo-de-nieve-geometrico-bianca\/"},"modified":"2025-11-15T21:19:34","modified_gmt":"2025-11-15T20:19:34","slug":"patron-de-bordado-copo-de-nieve-geometrico-bianca","status":"publish","type":"product","link":"https:\/\/deltavcreations.com\/academy\/es\/boutique\/patrones\/patron-de-bordado-copo-de-nieve-geometrico-bianca\/","title":{"rendered":"Patr\u00f3n de Bordado Copo de Nieve Geom\u00e9trico &#8211; Bianca"},"content":{"rendered":"<p>M\u00e1gico y delicado, este proyecto de bordado de copo de nieve refleja la geometr\u00eda fractal de las maravillas invernales de la naturaleza.<\/p>\n<p>Su dise\u00f1o elaborado y apariencia cristalina evocan la belleza et\u00e9rea de un d\u00eda de nieve y hielo.<\/p>\n","protected":false},"excerpt":{"rendered":"<p>Patr\u00f3n de Bordado Copo de Nieve Geom\u00e9trico \u2013 Dise\u00f1o Fractal Invernal para Bordado a Mano<\/p>\n","protected":false},"featured_media":1618,"template":"","meta":[],"product_brand":[],"product_cat":[34],"product_tag":[],"class_list":{"0":"post-1647","1":"product","2":"type-product","3":"status-publish","4":"has-post-thumbnail","6":"product_cat-patrones","8":"first","9":"instock","10":"shipping-taxable","11":"purchasable","12":"product-type-variable"},"_links":{"self":[{"href":"https:\/\/deltavcreations.com\/academy\/es\/wp-json\/wp\/v2\/product\/1647","targetHints":{"allow":["GET"]}}],"collection":[{"href":"https:\/\/deltavcreations.com\/academy\/es\/wp-json\/wp\/v2\/product"}],"about":[{"href":"https:\/\/deltavcreations.com\/academy\/es\/wp-json\/wp\/v2\/types\/product"}],"wp:featuredmedia":[{"embeddable":true,"href":"https:\/\/deltavcreations.com\/academy\/es\/wp-json\/wp\/v2\/media\/1618"}],"wp:attachment":[{"href":"https:\/\/deltavcreations.com\/academy\/es\/wp-json\/wp\/v2\/media?parent=1647"}],"wp:term":[{"taxonomy":"product_brand","embeddable":true,"href":"https:\/\/deltavcreations.com\/academy\/es\/wp-json\/wp\/v2\/product_brand?post=1647"},{"taxonomy":"product_cat","embeddable":true,"href":"https:\/\/deltavcreations.com\/academy\/es\/wp-json\/wp\/v2\/product_cat?post=1647"},{"taxonomy":"product_tag","embeddable":true,"href":"https:\/\/deltavcreations.com\/academy\/es\/wp-json\/wp\/v2\/product_tag?post=1647"}],"curies":[{"name":"wp","href":"https:\/\/api.w.org\/{rel}","templated":true}]}}