{"id":1677,"date":"2025-04-12T11:16:51","date_gmt":"2025-04-12T09:16:51","guid":{"rendered":"https:\/\/academy.deltavcreations.com\/boutique\/sin%20categor\u00eda\/video-tutorial-de-bordado-copo-de-nieve-geometrico-bianca\/"},"modified":"2025-11-15T21:21:38","modified_gmt":"2025-11-15T20:21:38","slug":"video-tutorial-de-bordado-copo-de-nieve-geometrico-bianca","status":"publish","type":"product","link":"https:\/\/deltavcreations.com\/academy\/es\/boutique\/video-tutoriales\/video-tutorial-de-bordado-copo-de-nieve-geometrico-bianca\/","title":{"rendered":"Video Tutorial de Bordado Copo de Nieve Geom\u00e9trico &#8211; Bianca"},"content":{"rendered":"<p>M\u00e1gico y delicado, este proyecto de bordado de copo de nieve refleja la geometr\u00eda fractal de las maravillas invernales de la naturaleza.<\/p>\n<p>Su dise\u00f1o elaborado y apariencia cristalina evocan la belleza et\u00e9rea de un d\u00eda de nieve y hielo.<\/p>\n","protected":false},"excerpt":{"rendered":"<p>Video Tutorial de Bordado Copo de Nieve Geom\u00e9trico \u2013 Dise\u00f1o Fractal Invernal para Bordado a Mano<\/p>\n","protected":false},"featured_media":1618,"template":"","meta":[],"product_brand":[],"product_cat":[29],"product_tag":[],"class_list":{"0":"post-1677","1":"product","2":"type-product","3":"status-publish","4":"has-post-thumbnail","6":"product_cat-video-tutoriales","8":"first","9":"instock","10":"shipping-taxable","11":"purchasable","12":"product-type-variable"},"_links":{"self":[{"href":"https:\/\/deltavcreations.com\/academy\/es\/wp-json\/wp\/v2\/product\/1677","targetHints":{"allow":["GET"]}}],"collection":[{"href":"https:\/\/deltavcreations.com\/academy\/es\/wp-json\/wp\/v2\/product"}],"about":[{"href":"https:\/\/deltavcreations.com\/academy\/es\/wp-json\/wp\/v2\/types\/product"}],"wp:featuredmedia":[{"embeddable":true,"href":"https:\/\/deltavcreations.com\/academy\/es\/wp-json\/wp\/v2\/media\/1618"}],"wp:attachment":[{"href":"https:\/\/deltavcreations.com\/academy\/es\/wp-json\/wp\/v2\/media?parent=1677"}],"wp:term":[{"taxonomy":"product_brand","embeddable":true,"href":"https:\/\/deltavcreations.com\/academy\/es\/wp-json\/wp\/v2\/product_brand?post=1677"},{"taxonomy":"product_cat","embeddable":true,"href":"https:\/\/deltavcreations.com\/academy\/es\/wp-json\/wp\/v2\/product_cat?post=1677"},{"taxonomy":"product_tag","embeddable":true,"href":"https:\/\/deltavcreations.com\/academy\/es\/wp-json\/wp\/v2\/product_tag?post=1677"}],"curies":[{"name":"wp","href":"https:\/\/api.w.org\/{rel}","templated":true}]}}