{"id":1719,"date":"2025-04-12T12:05:36","date_gmt":"2025-04-12T10:05:36","guid":{"rendered":"https:\/\/academy.deltavcreations.com\/boutique\/sin%20categor\u00eda\/patron-de-bordado-estrella-del-norte-3d-polaris\/"},"modified":"2025-11-15T21:25:25","modified_gmt":"2025-11-15T20:25:25","slug":"patron-de-bordado-estrella-del-norte-3d-polaris","status":"publish","type":"product","link":"https:\/\/deltavcreations.com\/academy\/es\/boutique\/patrones\/patron-de-bordado-estrella-del-norte-3d-polaris\/","title":{"rendered":"Patr\u00f3n de Bordado Estrella del Norte 3D &#8211; Polaris"},"content":{"rendered":"<p>Este proyecto de bordado 3D en forma de Estrella del Norte es ideal para crear adornos navide\u00f1os de ensue\u00f1o.<\/p>\n<p>Esta Estrella Polar est\u00e1 bordada con tubos de cristal y peque\u00f1os cristales, refleja las luces navide\u00f1as con mil destellos, a\u00f1adiendo un toque m\u00e1gico a tu \u00e1rbol o pared.<\/p>\n","protected":false},"excerpt":{"rendered":"<p>Patr\u00f3n de Bordado Estrella Polar 3D \u2013 Adorno Navide\u00f1o para el \u00c1rbol<\/p>\n","protected":false},"featured_media":1587,"template":"","meta":[],"product_brand":[],"product_cat":[34],"product_tag":[],"class_list":{"0":"post-1719","1":"product","2":"type-product","3":"status-publish","4":"has-post-thumbnail","6":"product_cat-patrones","8":"first","9":"instock","10":"shipping-taxable","11":"purchasable","12":"product-type-variable"},"_links":{"self":[{"href":"https:\/\/deltavcreations.com\/academy\/es\/wp-json\/wp\/v2\/product\/1719","targetHints":{"allow":["GET"]}}],"collection":[{"href":"https:\/\/deltavcreations.com\/academy\/es\/wp-json\/wp\/v2\/product"}],"about":[{"href":"https:\/\/deltavcreations.com\/academy\/es\/wp-json\/wp\/v2\/types\/product"}],"wp:featuredmedia":[{"embeddable":true,"href":"https:\/\/deltavcreations.com\/academy\/es\/wp-json\/wp\/v2\/media\/1587"}],"wp:attachment":[{"href":"https:\/\/deltavcreations.com\/academy\/es\/wp-json\/wp\/v2\/media?parent=1719"}],"wp:term":[{"taxonomy":"product_brand","embeddable":true,"href":"https:\/\/deltavcreations.com\/academy\/es\/wp-json\/wp\/v2\/product_brand?post=1719"},{"taxonomy":"product_cat","embeddable":true,"href":"https:\/\/deltavcreations.com\/academy\/es\/wp-json\/wp\/v2\/product_cat?post=1719"},{"taxonomy":"product_tag","embeddable":true,"href":"https:\/\/deltavcreations.com\/academy\/es\/wp-json\/wp\/v2\/product_tag?post=1719"}],"curies":[{"name":"wp","href":"https:\/\/api.w.org\/{rel}","templated":true}]}}