{"id":1740,"date":"2025-04-12T12:48:54","date_gmt":"2025-04-12T10:48:54","guid":{"rendered":"https:\/\/academy.deltavcreations.com\/boutique\/sin%20categor\u00eda\/patron-de-bordado-flores-de-cerezo-hoshi\/"},"modified":"2025-11-15T21:09:40","modified_gmt":"2025-11-15T20:09:40","slug":"patron-de-bordado-flores-de-cerezo-hoshi","status":"publish","type":"product","link":"https:\/\/deltavcreations.com\/academy\/es\/boutique\/patrones\/patron-de-bordado-flores-de-cerezo-hoshi\/","title":{"rendered":"Patr\u00f3n de Bordado Flores de Cerezo \u2013 Hoshi"},"content":{"rendered":"<p>Descubre el mundo del bordado de alta costura con Hoshi, un delicado y po\u00e9tico dise\u00f1o de flores de cerezo.<\/p>\n<p>Este refinado proyecto mezcla hilo de algod\u00f3n, abalorios brillantes y preciosas flores en 3D para crear un efecto elegante y on\u00edrico.<\/p>\n<p>Dise\u00f1ado para las amantes del bordado que buscan la belleza en cada puntada, Hoshi te invita a dominar las t\u00e9cnicas de la alta costura al tiempo que a\u00f1ades un toque de delicadeza a tu manualidad.<\/p>\n","protected":false},"excerpt":{"rendered":"<p>Patr\u00f3n de Bordado de Alta Costura Flores de Cerezo<\/p>\n","protected":false},"featured_media":1639,"template":"","meta":[],"product_brand":[],"product_cat":[34],"product_tag":[],"class_list":{"0":"post-1740","1":"product","2":"type-product","3":"status-publish","4":"has-post-thumbnail","6":"product_cat-patrones","8":"first","9":"instock","10":"shipping-taxable","11":"purchasable","12":"product-type-variable"},"_links":{"self":[{"href":"https:\/\/deltavcreations.com\/academy\/es\/wp-json\/wp\/v2\/product\/1740","targetHints":{"allow":["GET"]}}],"collection":[{"href":"https:\/\/deltavcreations.com\/academy\/es\/wp-json\/wp\/v2\/product"}],"about":[{"href":"https:\/\/deltavcreations.com\/academy\/es\/wp-json\/wp\/v2\/types\/product"}],"wp:featuredmedia":[{"embeddable":true,"href":"https:\/\/deltavcreations.com\/academy\/es\/wp-json\/wp\/v2\/media\/1639"}],"wp:attachment":[{"href":"https:\/\/deltavcreations.com\/academy\/es\/wp-json\/wp\/v2\/media?parent=1740"}],"wp:term":[{"taxonomy":"product_brand","embeddable":true,"href":"https:\/\/deltavcreations.com\/academy\/es\/wp-json\/wp\/v2\/product_brand?post=1740"},{"taxonomy":"product_cat","embeddable":true,"href":"https:\/\/deltavcreations.com\/academy\/es\/wp-json\/wp\/v2\/product_cat?post=1740"},{"taxonomy":"product_tag","embeddable":true,"href":"https:\/\/deltavcreations.com\/academy\/es\/wp-json\/wp\/v2\/product_tag?post=1740"}],"curies":[{"name":"wp","href":"https:\/\/api.w.org\/{rel}","templated":true}]}}