{"id":2524,"date":"2025-10-16T19:11:13","date_gmt":"2025-10-16T17:11:13","guid":{"rendered":"https:\/\/deltavcreations.com\/academy\/boutique\/sin%20categor\u00eda\/formula-luna-3h-iniciacion-al-bordado-con-aguja\/"},"modified":"2026-03-19T21:16:55","modified_gmt":"2026-03-19T20:16:55","slug":"formula-luna-3h-iniciacion-al-bordado-con-aguja","status":"publish","type":"product","link":"https:\/\/deltavcreations.com\/academy\/es\/boutique\/cursos-de-bordado-en-toulouse\/formula-luna-3h-iniciacion-al-bordado-con-aguja\/","title":{"rendered":"F\u00f3rmula Luna (3h): Iniciaci\u00f3n al Bordado con Aguja"},"content":{"rendered":"<p><strong>El primer paso para iniciarse en el Bordado de Alta Costura.<\/strong> Empieza tu trayectoria creativa sobre una base s\u00f3lida. Este curso de 3 horas est\u00e1 dise\u00f1ado para evitar las dificultades m\u00e1s comunes de los principiantes, d\u00e1ndote la confianza y precisi\u00f3n necesarias antes de pasar al crochet de Lun\u00e9ville. Aprender\u00e1s t\u00e9cnicas fundamentales como el montaje del bastidor, la gesti\u00f3n del hilo y los puntos b\u00e1sicos con aguja, descubriendo la delicadeza del bordado de pedrer\u00eda. Una sesi\u00f3n clara y concentrada para las personas creativas que quieren aprender correctamente desde la primera puntada.<\/p>\n<p><strong>Estructura recomendada de las sesiones:<\/strong> Este curso puede realizarse en una \u00fanica sesi\u00f3n de <strong>3 horas<\/strong> o dividirse en <strong>dos sesiones de 1h30<\/strong> el mismo d\u00eda.<\/p>\n","protected":false},"excerpt":{"rendered":"<p>Perfecta para principiantes absolutos. Aprende las bases del bordado de pedrer\u00eda con aguja \u2014 desde las puntadas m\u00e1s b\u00e1sicas hasta las t\u00e9cnicas cl\u00e1sicas. Una excelente base antes de pasar al bordado de Lun\u00e9ville.<\/p>\n","protected":false},"featured_media":1616,"template":"","meta":[],"product_brand":[],"product_cat":[122],"product_tag":[],"class_list":{"0":"post-2524","1":"product","2":"type-product","3":"status-publish","4":"has-post-thumbnail","6":"product_cat-cursos-de-bordado-en-toulouse","8":"first","9":"instock","10":"sold-individually","11":"shipping-taxable","12":"purchasable","13":"product-type-simple"},"_links":{"self":[{"href":"https:\/\/deltavcreations.com\/academy\/es\/wp-json\/wp\/v2\/product\/2524","targetHints":{"allow":["GET"]}}],"collection":[{"href":"https:\/\/deltavcreations.com\/academy\/es\/wp-json\/wp\/v2\/product"}],"about":[{"href":"https:\/\/deltavcreations.com\/academy\/es\/wp-json\/wp\/v2\/types\/product"}],"wp:featuredmedia":[{"embeddable":true,"href":"https:\/\/deltavcreations.com\/academy\/es\/wp-json\/wp\/v2\/media\/1616"}],"wp:attachment":[{"href":"https:\/\/deltavcreations.com\/academy\/es\/wp-json\/wp\/v2\/media?parent=2524"}],"wp:term":[{"taxonomy":"product_brand","embeddable":true,"href":"https:\/\/deltavcreations.com\/academy\/es\/wp-json\/wp\/v2\/product_brand?post=2524"},{"taxonomy":"product_cat","embeddable":true,"href":"https:\/\/deltavcreations.com\/academy\/es\/wp-json\/wp\/v2\/product_cat?post=2524"},{"taxonomy":"product_tag","embeddable":true,"href":"https:\/\/deltavcreations.com\/academy\/es\/wp-json\/wp\/v2\/product_tag?post=2524"}],"curies":[{"name":"wp","href":"https:\/\/api.w.org\/{rel}","templated":true}]}}