{"id":2531,"date":"2025-10-16T20:17:06","date_gmt":"2025-10-16T18:17:06","guid":{"rendered":"https:\/\/deltavcreations.com\/academy\/boutique\/sin%20categor\u00eda\/formula-sol-5h-curso-de-bordado-de-luneville-para-principiantes\/"},"modified":"2025-10-16T20:53:10","modified_gmt":"2025-10-16T18:53:10","slug":"formula-sol-5h-curso-de-bordado-de-luneville-para-principiantes","status":"publish","type":"product","link":"https:\/\/deltavcreations.com\/academy\/es\/boutique\/cursos-de-bordado-en-toulouse\/formula-sol-5h-curso-de-bordado-de-luneville-para-principiantes\/","title":{"rendered":"F\u00f3rmula Sol (5h): Curso de Bordado de Lun\u00e9ville para Principiantes"},"content":{"rendered":"<p><strong>Descubre la herramienta secreta de los talleres de las grandes <em>Maisons<\/em> parisinas.<\/strong> Este curso intensivo ofrece una introducci\u00f3n pr\u00e1ctica y estructurada al famoso crochet de Lun\u00e9ville \u2014 el coraz\u00f3n del Bordado de Lun\u00e9ville y de Alta Costura. Aprender\u00e1s a dominar el punto de cadeneta, la base de esta t\u00e9cnica. Con una gu\u00eda personalizada, desarrollar\u00e1s control y fluidez antes de realizar tus primeras aplicaciones de perlas y lentejuelas. Un aprendizaje preciso y enfocado que transforma una herramienta compleja en una extensi\u00f3n natural de tu creatividad.<\/p>\n<p><strong>Estructura recomendada de las sesiones:<\/strong> Este curso requiere <strong>al menos dos d\u00edas<\/strong> para completarse, ya que la pr\u00e1ctica entre sesiones es esencial. Puedes dividirlo en:<\/p>\n<ul>\n<li>Dos sesiones (ej. 2h30 + 2h30 en dos d\u00edas); o<\/li>\n<li>Tres sesiones m\u00e1s cortas (ej. 2h + 1h30 + 1h30 en tres d\u00edas).<\/li>\n<\/ul>\n","protected":false},"excerpt":{"rendered":"<p>Una introducci\u00f3n dedicada al crochet de Lun\u00e9ville \u2014 el coraz\u00f3n del Bordado de Alta Costura. Aprende a preparar el bastidor y domina el punto de cadeneta, as\u00ed como la aplicaci\u00f3n de abalorios y lentejuelas.<\/p>\n","protected":false},"featured_media":2534,"template":"","meta":[],"product_brand":[],"product_cat":[122],"product_tag":[],"class_list":{"0":"post-2531","1":"product","2":"type-product","3":"status-publish","4":"has-post-thumbnail","6":"product_cat-cursos-de-bordado-en-toulouse","8":"first","9":"instock","10":"sold-individually","11":"shipping-taxable","12":"purchasable","13":"product-type-simple"},"_links":{"self":[{"href":"https:\/\/deltavcreations.com\/academy\/es\/wp-json\/wp\/v2\/product\/2531","targetHints":{"allow":["GET"]}}],"collection":[{"href":"https:\/\/deltavcreations.com\/academy\/es\/wp-json\/wp\/v2\/product"}],"about":[{"href":"https:\/\/deltavcreations.com\/academy\/es\/wp-json\/wp\/v2\/types\/product"}],"wp:featuredmedia":[{"embeddable":true,"href":"https:\/\/deltavcreations.com\/academy\/es\/wp-json\/wp\/v2\/media\/2534"}],"wp:attachment":[{"href":"https:\/\/deltavcreations.com\/academy\/es\/wp-json\/wp\/v2\/media?parent=2531"}],"wp:term":[{"taxonomy":"product_brand","embeddable":true,"href":"https:\/\/deltavcreations.com\/academy\/es\/wp-json\/wp\/v2\/product_brand?post=2531"},{"taxonomy":"product_cat","embeddable":true,"href":"https:\/\/deltavcreations.com\/academy\/es\/wp-json\/wp\/v2\/product_cat?post=2531"},{"taxonomy":"product_tag","embeddable":true,"href":"https:\/\/deltavcreations.com\/academy\/es\/wp-json\/wp\/v2\/product_tag?post=2531"}],"curies":[{"name":"wp","href":"https:\/\/api.w.org\/{rel}","templated":true}]}}