{"id":2538,"date":"2025-10-16T20:38:55","date_gmt":"2025-10-16T18:38:55","guid":{"rendered":"https:\/\/deltavcreations.com\/academy\/boutique\/sin%20categor\u00eda\/formula-estrella-8h-curso-completo-de-bordado-con-aguja-crochet-de-luneville\/"},"modified":"2025-10-16T20:54:40","modified_gmt":"2025-10-16T18:54:40","slug":"formula-estrella-8h-curso-completo-de-bordado-con-aguja-crochet-de-luneville","status":"publish","type":"product","link":"https:\/\/deltavcreations.com\/academy\/es\/boutique\/cursos-de-bordado-en-toulouse\/formula-estrella-8h-curso-completo-de-bordado-con-aguja-crochet-de-luneville\/","title":{"rendered":"F\u00f3rmula Estrella (8h): Curso Completo de Bordado con Aguja &#038; crochet de Lun\u00e9ville"},"content":{"rendered":"<p><strong>Las bases completas del Bordado de Alta Costura.<\/strong> El curso de bordado ideal para adquirir una base s\u00f3lida y completa, tanto con aguja como con crochet de Lun\u00e9ville. A lo largo de 8 horas, combinar\u00e1s las t\u00e9cnicas tradicionales de bordado con aguja con la precisi\u00f3n necesaria para aplicar perlas y lentejuelas con el crochet de Lun\u00e9ville. Aprender\u00e1s a pasar de una t\u00e9cnica a otra con confianza y fluidez. Esta f\u00f3rmula integral te proporciona la destreza esencial para abordar los dise\u00f1os m\u00e1s sofisticados del bordado de Alta Costura <strong>y te garantiza que saldr\u00e1s del taller con unas bases s\u00f3lidas y la confianza necesaria para seguir tu camino creativo<\/strong>.<\/p>\n<p><strong>Estructura recomendada de las sesiones:<\/strong> Para una mejor asimilaci\u00f3n, se recomienda dividir el curso en <strong>tres o cuatro sesiones<\/strong> a lo largo de varios d\u00edas. Puedes dividirlo en:<\/p>\n<ul>\n<li><strong>Tres sesiones<\/strong> (ej. 3h + 2h30 + 2h30 en tres d\u00edas); o<\/li>\n<li><strong>Cuatro sesiones m\u00e1s cortas<\/strong> (ej. 4 \u00d7 2h en cuatro d\u00edas).<\/li>\n<\/ul>\n","protected":false},"excerpt":{"rendered":"<p>La experiencia completa del bordado de Alta Costura. Este curso de bordado combina las t\u00e9cnicas cl\u00e1sicas con aguja y las t\u00e9cnicas de bordado de pedrer\u00eda con el crochet de Lun\u00e9ville para ofrecerte una base s\u00f3lida y completa.<\/p>\n","protected":false},"featured_media":1639,"template":"","meta":[],"product_brand":[],"product_cat":[122],"product_tag":[],"class_list":{"0":"post-2538","1":"product","2":"type-product","3":"status-publish","4":"has-post-thumbnail","6":"product_cat-cursos-de-bordado-en-toulouse","8":"first","9":"instock","10":"sold-individually","11":"shipping-taxable","12":"purchasable","13":"product-type-simple"},"_links":{"self":[{"href":"https:\/\/deltavcreations.com\/academy\/es\/wp-json\/wp\/v2\/product\/2538","targetHints":{"allow":["GET"]}}],"collection":[{"href":"https:\/\/deltavcreations.com\/academy\/es\/wp-json\/wp\/v2\/product"}],"about":[{"href":"https:\/\/deltavcreations.com\/academy\/es\/wp-json\/wp\/v2\/types\/product"}],"wp:featuredmedia":[{"embeddable":true,"href":"https:\/\/deltavcreations.com\/academy\/es\/wp-json\/wp\/v2\/media\/1639"}],"wp:attachment":[{"href":"https:\/\/deltavcreations.com\/academy\/es\/wp-json\/wp\/v2\/media?parent=2538"}],"wp:term":[{"taxonomy":"product_brand","embeddable":true,"href":"https:\/\/deltavcreations.com\/academy\/es\/wp-json\/wp\/v2\/product_brand?post=2538"},{"taxonomy":"product_cat","embeddable":true,"href":"https:\/\/deltavcreations.com\/academy\/es\/wp-json\/wp\/v2\/product_cat?post=2538"},{"taxonomy":"product_tag","embeddable":true,"href":"https:\/\/deltavcreations.com\/academy\/es\/wp-json\/wp\/v2\/product_tag?post=2538"}],"curies":[{"name":"wp","href":"https:\/\/api.w.org\/{rel}","templated":true}]}}