{"id":2551,"date":"2025-10-18T18:17:33","date_gmt":"2025-10-18T16:17:33","guid":{"rendered":"https:\/\/deltavcreations.com\/academy\/boutique\/sin%20categor\u00eda\/formula-regalo-el-regalo-perfecto-de-bordado-para-las-personas-creativas\/"},"modified":"2025-10-18T19:51:01","modified_gmt":"2025-10-18T17:51:01","slug":"formula-regalo-el-regalo-perfecto-de-bordado-para-las-personas-creativas","status":"publish","type":"product","link":"https:\/\/deltavcreations.com\/academy\/es\/boutique\/cursos-de-bordado-en-toulouse\/formula-regalo-el-regalo-perfecto-de-bordado-para-las-personas-creativas\/","title":{"rendered":"F\u00f3rmula Regalo: El Regalo Perfecto de Bordado para las Personas Creativas"},"content":{"rendered":"<p><strong>Regala Elegancia y Talento.<\/strong><br \/>\nOfrece una experiencia creativa inolvidable: la F\u00f3rmula Regalo es la manera perfecta de compartir el universo elegante y sofisticado del Bordado de Alta Costura con una persona creativa. Al adquirir un Vale Regalo con una de las f\u00f3rmulas (Luna, Sol o Estrella), le dar\u00e1s a tu destinatario la libertad de elegir su trayectoria de aprendizaje ideal.<br \/>\nEste regalo ofrece una experiencia art\u00edstica \u00fanica, perfecta para quienes desean descubrir una t\u00e9cnica elegante y exclusiva, pero nunca se atreven a dar el paso. Este vale les brinda un momento creativo solo para ellas.<\/p>\n<p><strong>C\u00f3mo Funciona el Bono de Regalo:<\/strong><br \/>\nEl proceso de tres pasos est\u00e1 dise\u00f1ado para ser sencillo para ti y completamente flexible para el destinatario.<\/p>\n<p><strong>Para el Comprador (T\u00fa):<\/strong><\/p>\n<ol>\n<li><strong>Selecciona y Personaliza:<\/strong> Elige la F\u00f3rmula (Luna, Sol o Estrella) que deseas ofrecer como regalo. Durante la compra, indica el nombre del destinatario y cualquier nota personal que desees incluir.<\/li>\n<li><strong>Recibe tu Certificado:<\/strong> En un plazo de 24 horas, recibir\u00e1s por correo electr\u00f3nico un Vale Regalo en PDF, personalizado y listo para imprimir (revisa tu carpeta de spam). Este elegante certificado detalla la f\u00f3rmula de bordado elegida y est\u00e1 dirigido a tu destinatario.<\/li>\n<\/ol>\n<p><strong>Para el Destinatario:<\/strong><\/p>\n<ol start=\"3\">\n<li>Canjea y Programa: El destinatario solo tiene que ponerse en contacto con el taller Delta V Cr\u00e9ations mediante los datos que figuran en el Vale para reservar sus sesiones privadas presenciales, cuando le resulte m\u00e1s conveniente. La estructura y log\u00edstica del curso seguir\u00e1n las recomendaciones de la f\u00f3rmula recibida.<\/li>\n<\/ol>\n","protected":false},"excerpt":{"rendered":"<p>\u00a1Regala creatividad! Sorprende con una F\u00f3rmula Luna, Sol o Estrella, un regalo inolvidable. Recibir\u00e1s un elegante Vale personalizado para que el destinatario reserve su sesi\u00f3n cuando lo desee.<\/p>\n","protected":false},"featured_media":2564,"template":"","meta":[],"product_brand":[],"product_cat":[122],"product_tag":[],"class_list":{"0":"post-2551","1":"product","2":"type-product","3":"status-publish","4":"has-post-thumbnail","6":"product_cat-cursos-de-bordado-en-toulouse","8":"first","9":"instock","10":"sold-individually","11":"shipping-taxable","12":"purchasable","13":"product-type-variable"},"_links":{"self":[{"href":"https:\/\/deltavcreations.com\/academy\/es\/wp-json\/wp\/v2\/product\/2551","targetHints":{"allow":["GET"]}}],"collection":[{"href":"https:\/\/deltavcreations.com\/academy\/es\/wp-json\/wp\/v2\/product"}],"about":[{"href":"https:\/\/deltavcreations.com\/academy\/es\/wp-json\/wp\/v2\/types\/product"}],"wp:featuredmedia":[{"embeddable":true,"href":"https:\/\/deltavcreations.com\/academy\/es\/wp-json\/wp\/v2\/media\/2564"}],"wp:attachment":[{"href":"https:\/\/deltavcreations.com\/academy\/es\/wp-json\/wp\/v2\/media?parent=2551"}],"wp:term":[{"taxonomy":"product_brand","embeddable":true,"href":"https:\/\/deltavcreations.com\/academy\/es\/wp-json\/wp\/v2\/product_brand?post=2551"},{"taxonomy":"product_cat","embeddable":true,"href":"https:\/\/deltavcreations.com\/academy\/es\/wp-json\/wp\/v2\/product_cat?post=2551"},{"taxonomy":"product_tag","embeddable":true,"href":"https:\/\/deltavcreations.com\/academy\/es\/wp-json\/wp\/v2\/product_tag?post=2551"}],"curies":[{"name":"wp","href":"https:\/\/api.w.org\/{rel}","templated":true}]}}