{"id":1453,"date":"2025-03-08T10:04:27","date_gmt":"2025-03-08T09:04:27","guid":{"rendered":"https:\/\/academy.deltavcreations.com\/boutique\/non%20class\u00e9\/patron-de-broderie-floral-nereid\/"},"modified":"2025-11-15T21:28:51","modified_gmt":"2025-11-15T20:28:51","slug":"patron-de-broderie-fleurs-iris-nereid","status":"publish","type":"product","link":"https:\/\/deltavcreations.com\/academy\/fr\/boutique\/patrons\/patron-de-broderie-fleurs-iris-nereid\/","title":{"rendered":"Patron de Broderie Fleurs d\u2019Iris \u2013 Nereid"},"content":{"rendered":"<p>Laissez Nereid vous emporter dans un moment de s\u00e9r\u00e9nit\u00e9, o\u00f9 le temps ralentit et o\u00f9 la cr\u00e9ation devient souffle. Ce projet de broderie d\u00e9licat, offert avec votre inscription \u00e0 la newsletter, met en sc\u00e8ne deux iris en pleine floraison, encadr\u00e9s d\u2019un arc dor\u00e9.<\/p>\n<p>Chaque point, chaque geste vous invite \u00e0 renouer avec votre sensibilit\u00e9, votre rythme et votre cr\u00e9ativit\u00e9.<\/p>\n<p>Con\u00e7u comme une parenth\u00e8se de cr\u00e9ation et d\u2019expression personnelle, ce projet vous guide pas \u00e0 pas pour vous permettre de vous immerger pleinement dans l\u2019art m\u00e9ditatif de la broderie Haute Couture.<\/p>\n<p>Rendez-vous en bas de cette page pour vous inscrire \u00e0 la newsletter et recevoir ce projet (tutoriel vid\u00e9o + patron) en cadeau \u2014 un instant de pure cr\u00e9ation, rien que pour vous.<\/p>\n","protected":false},"excerpt":{"rendered":"<p>Broderie Haute Couture Fleurs d\u2019Iris \u2013 Patron de Broderie au Crochet de Lun\u00e9ville<\/p>\n","protected":false},"featured_media":2058,"template":"","meta":[],"product_brand":[],"product_cat":[33],"product_tag":[],"class_list":{"0":"post-1453","1":"product","2":"type-product","3":"status-publish","4":"has-post-thumbnail","6":"product_cat-patrons","8":"first","9":"instock","10":"sold-individually","11":"shipping-taxable","12":"purchasable","13":"product-type-variable"},"_links":{"self":[{"href":"https:\/\/deltavcreations.com\/academy\/fr\/wp-json\/wp\/v2\/product\/1453","targetHints":{"allow":["GET"]}}],"collection":[{"href":"https:\/\/deltavcreations.com\/academy\/fr\/wp-json\/wp\/v2\/product"}],"about":[{"href":"https:\/\/deltavcreations.com\/academy\/fr\/wp-json\/wp\/v2\/types\/product"}],"wp:featuredmedia":[{"embeddable":true,"href":"https:\/\/deltavcreations.com\/academy\/fr\/wp-json\/wp\/v2\/media\/2058"}],"wp:attachment":[{"href":"https:\/\/deltavcreations.com\/academy\/fr\/wp-json\/wp\/v2\/media?parent=1453"}],"wp:term":[{"taxonomy":"product_brand","embeddable":true,"href":"https:\/\/deltavcreations.com\/academy\/fr\/wp-json\/wp\/v2\/product_brand?post=1453"},{"taxonomy":"product_cat","embeddable":true,"href":"https:\/\/deltavcreations.com\/academy\/fr\/wp-json\/wp\/v2\/product_cat?post=1453"},{"taxonomy":"product_tag","embeddable":true,"href":"https:\/\/deltavcreations.com\/academy\/fr\/wp-json\/wp\/v2\/product_tag?post=1453"}],"curies":[{"name":"wp","href":"https:\/\/api.w.org\/{rel}","templated":true}]}}