{"id":1674,"date":"2025-04-12T11:16:51","date_gmt":"2025-04-12T09:16:51","guid":{"rendered":"https:\/\/academy.deltavcreations.com\/boutique\/non%20class\u00e9\/video-tutoriel-de-broderie-flocon-de-neige-bianca\/"},"modified":"2025-11-15T21:20:50","modified_gmt":"2025-11-15T20:20:50","slug":"video-tutoriel-de-broderie-flocon-de-neige-bianca","status":"publish","type":"product","link":"https:\/\/deltavcreations.com\/academy\/fr\/boutique\/tutoriels-video\/video-tutoriel-de-broderie-flocon-de-neige-bianca\/","title":{"rendered":"Vid\u00e9o Tutoriel de Broderie Flocon de Neige &#8211; Bianca"},"content":{"rendered":"<p>Ce projet de broderie repr\u00e9sente un flocon de neige fascinant, inspir\u00e9 par la g\u00e9om\u00e9trie magique des fractales qui composent chaque cristaux.<\/p>\n<p>La d\u00e9licatesse et la transparence de ses motifs cr\u00e9ent une atmosph\u00e8re glac\u00e9e et cristalline, parfaite pour capturer l&rsquo;essence de l&rsquo;hiver.<\/p>\n","protected":false},"excerpt":{"rendered":"<p>Vid\u00e9o Tutoriel de Broderie Flocon de Neige Fractale \u2013 Motif Hivernal G\u00e9om\u00e9trique et Cristallin<\/p>\n","protected":false},"featured_media":1617,"template":"","meta":[],"product_brand":[],"product_cat":[28],"product_tag":[],"class_list":{"0":"post-1674","1":"product","2":"type-product","3":"status-publish","4":"has-post-thumbnail","6":"product_cat-tutoriels-video","8":"first","9":"instock","10":"shipping-taxable","11":"purchasable","12":"product-type-variable"},"_links":{"self":[{"href":"https:\/\/deltavcreations.com\/academy\/fr\/wp-json\/wp\/v2\/product\/1674","targetHints":{"allow":["GET"]}}],"collection":[{"href":"https:\/\/deltavcreations.com\/academy\/fr\/wp-json\/wp\/v2\/product"}],"about":[{"href":"https:\/\/deltavcreations.com\/academy\/fr\/wp-json\/wp\/v2\/types\/product"}],"wp:featuredmedia":[{"embeddable":true,"href":"https:\/\/deltavcreations.com\/academy\/fr\/wp-json\/wp\/v2\/media\/1617"}],"wp:attachment":[{"href":"https:\/\/deltavcreations.com\/academy\/fr\/wp-json\/wp\/v2\/media?parent=1674"}],"wp:term":[{"taxonomy":"product_brand","embeddable":true,"href":"https:\/\/deltavcreations.com\/academy\/fr\/wp-json\/wp\/v2\/product_brand?post=1674"},{"taxonomy":"product_cat","embeddable":true,"href":"https:\/\/deltavcreations.com\/academy\/fr\/wp-json\/wp\/v2\/product_cat?post=1674"},{"taxonomy":"product_tag","embeddable":true,"href":"https:\/\/deltavcreations.com\/academy\/fr\/wp-json\/wp\/v2\/product_tag?post=1674"}],"curies":[{"name":"wp","href":"https:\/\/api.w.org\/{rel}","templated":true}]}}