{"id":2523,"date":"2025-10-16T19:11:13","date_gmt":"2025-10-16T17:11:13","guid":{"rendered":"https:\/\/deltavcreations.com\/academy\/boutique\/non%20class\u00e9\/formule-lune-3h-initiation-a-la-broderie-a-laiguille\/"},"modified":"2026-03-19T21:16:10","modified_gmt":"2026-03-19T20:16:10","slug":"formule-lune-3h-initiation-a-la-broderie-a-laiguille","status":"publish","type":"product","link":"https:\/\/deltavcreations.com\/academy\/fr\/boutique\/cours-de-broderie-a-toulouse\/formule-lune-3h-initiation-a-la-broderie-a-laiguille\/","title":{"rendered":"Formule Lune (3h) : Initiation \u00e0 la Broderie \u00e0 l\u2019Aiguille"},"content":{"rendered":"<p><strong>La premi\u00e8re \u00e9tape pour d\u00e9buter en broderie Haute Couture.<\/strong> Commencez votre parcours cr\u00e9atif sur des bases solides. Ce cours de 3 heures est soigneusement con\u00e7u pour \u00e9viter les difficult\u00e9s courantes des d\u00e9butants, en vous apportant la confiance et la pr\u00e9cision n\u00e9cessaires avant d\u2019aborder le crochet de Lun\u00e9ville. Vous ma\u00eetriserez les techniques fondamentales telles que le montage du m\u00e9tier \u00e0 broder, la gestion du fil et les points de base \u00e0 l\u2019aiguille, afin d\u2019appr\u00e9cier toute la finesse de cet art d\u00e9licat. Une s\u00e9ance claire et concentr\u00e9e pour les esprits cr\u00e9atifs, garantissant un apprentissage juste d\u00e8s le tout premier point.<\/p>\n<p><strong>Structure recommand\u00e9e des s\u00e9ances :<\/strong> Ce cours peut \u00eatre r\u00e9alis\u00e9 en une seule s\u00e9ance de <strong>3 heures<\/strong>, ou divis\u00e9 en <strong>deux sessions de 1h30<\/strong> organis\u00e9es dans la m\u00eame journ\u00e9e.<\/p>\n","protected":false},"excerpt":{"rendered":"<p>Parfaite pour les d\u00e9butants. Apprenez les bases de la broderie perl\u00e9e \u00e0 l\u2019aiguille \u2014 des points essentiels aux techniques classiques. Une excellente introduction avant de progresser vers la broderie de Lun\u00e9ville.<\/p>\n","protected":false},"featured_media":1615,"template":"","meta":[],"product_brand":[],"product_cat":[121],"product_tag":[],"class_list":{"0":"post-2523","1":"product","2":"type-product","3":"status-publish","4":"has-post-thumbnail","6":"product_cat-cours-de-broderie-a-toulouse","8":"first","9":"instock","10":"sold-individually","11":"shipping-taxable","12":"purchasable","13":"product-type-simple"},"_links":{"self":[{"href":"https:\/\/deltavcreations.com\/academy\/fr\/wp-json\/wp\/v2\/product\/2523","targetHints":{"allow":["GET"]}}],"collection":[{"href":"https:\/\/deltavcreations.com\/academy\/fr\/wp-json\/wp\/v2\/product"}],"about":[{"href":"https:\/\/deltavcreations.com\/academy\/fr\/wp-json\/wp\/v2\/types\/product"}],"wp:featuredmedia":[{"embeddable":true,"href":"https:\/\/deltavcreations.com\/academy\/fr\/wp-json\/wp\/v2\/media\/1615"}],"wp:attachment":[{"href":"https:\/\/deltavcreations.com\/academy\/fr\/wp-json\/wp\/v2\/media?parent=2523"}],"wp:term":[{"taxonomy":"product_brand","embeddable":true,"href":"https:\/\/deltavcreations.com\/academy\/fr\/wp-json\/wp\/v2\/product_brand?post=2523"},{"taxonomy":"product_cat","embeddable":true,"href":"https:\/\/deltavcreations.com\/academy\/fr\/wp-json\/wp\/v2\/product_cat?post=2523"},{"taxonomy":"product_tag","embeddable":true,"href":"https:\/\/deltavcreations.com\/academy\/fr\/wp-json\/wp\/v2\/product_tag?post=2523"}],"curies":[{"name":"wp","href":"https:\/\/api.w.org\/{rel}","templated":true}]}}