{"id":2530,"date":"2025-10-16T20:17:06","date_gmt":"2025-10-16T18:17:06","guid":{"rendered":"https:\/\/deltavcreations.com\/academy\/boutique\/non%20class\u00e9\/formule-soleil-5h-cours-broderie-de-luneville-pour-debutants\/"},"modified":"2025-10-16T20:52:49","modified_gmt":"2025-10-16T18:52:49","slug":"formule-soleil-5h-cours-broderie-de-luneville-pour-debutants","status":"publish","type":"product","link":"https:\/\/deltavcreations.com\/academy\/fr\/boutique\/cours-de-broderie-a-toulouse\/formule-soleil-5h-cours-broderie-de-luneville-pour-debutants\/","title":{"rendered":"Formule Soleil (5h) : Cours Broderie de Lun\u00e9ville pour D\u00e9butants"},"content":{"rendered":"<p><strong>D\u00e9couvrez l\u2019outil secret des ateliers parisiens.<\/strong> Ce cours intensif offre une initiation pratique et structur\u00e9e au c\u00e9l\u00e8bre crochet de Lun\u00e9ville \u2014 l\u2019outil au c\u0153ur de la broderie de Lun\u00e9ville et de la broderie Haute Couture. Vous apprendrez \u00e0 ma\u00eetriser le point de cha\u00eenette, v\u00e9ritable fondement de cet art. Gr\u00e2ce \u00e0 un accompagnement personnalis\u00e9, vous d\u00e9velopperez pr\u00e9cision et fluidit\u00e9, avant de r\u00e9aliser vos premi\u00e8res applications de perles et de paillettes. Un apprentissage cibl\u00e9 et exigeant qui transforme un outil complexe en prolongement naturel de votre cr\u00e9ativit\u00e9.<\/p>\n<p><strong>Structure recommand\u00e9e des s\u00e9ances :<\/strong> Ce cours n\u00e9cessite <strong>au moins deux jours<\/strong> pour \u00eatre compl\u00e9t\u00e9, afin de laisser le temps \u00e0 la pratique entre les sessions. Vous pouvez le diviser en :<\/p>\n<ul>\n<li>Deux s\u00e9ances (ex. 2h30 + 2h30 sur deux jours); ou<\/li>\n<li>Trois s\u00e9ances plus courtes (ex. 2h + 1h30 + 1h30 sur trois jours).<\/li>\n<\/ul>\n","protected":false},"excerpt":{"rendered":"<p>Une initiation d\u00e9di\u00e9e au crochet de Lun\u00e9ville \u2014 le c\u0153ur de la broderie Haute Couture. Apprenez \u00e0 monter votre m\u00e9tier \u00e0 broder et \u00e0 ma\u00eetriser le point de cha\u00eenette, ainsi que la pose de perles et de paillettes.<\/p>\n","protected":false},"featured_media":2533,"template":"","meta":[],"product_brand":[],"product_cat":[121],"product_tag":[],"class_list":{"0":"post-2530","1":"product","2":"type-product","3":"status-publish","4":"has-post-thumbnail","6":"product_cat-cours-de-broderie-a-toulouse","8":"first","9":"instock","10":"sold-individually","11":"shipping-taxable","12":"purchasable","13":"product-type-simple"},"_links":{"self":[{"href":"https:\/\/deltavcreations.com\/academy\/fr\/wp-json\/wp\/v2\/product\/2530","targetHints":{"allow":["GET"]}}],"collection":[{"href":"https:\/\/deltavcreations.com\/academy\/fr\/wp-json\/wp\/v2\/product"}],"about":[{"href":"https:\/\/deltavcreations.com\/academy\/fr\/wp-json\/wp\/v2\/types\/product"}],"wp:featuredmedia":[{"embeddable":true,"href":"https:\/\/deltavcreations.com\/academy\/fr\/wp-json\/wp\/v2\/media\/2533"}],"wp:attachment":[{"href":"https:\/\/deltavcreations.com\/academy\/fr\/wp-json\/wp\/v2\/media?parent=2530"}],"wp:term":[{"taxonomy":"product_brand","embeddable":true,"href":"https:\/\/deltavcreations.com\/academy\/fr\/wp-json\/wp\/v2\/product_brand?post=2530"},{"taxonomy":"product_cat","embeddable":true,"href":"https:\/\/deltavcreations.com\/academy\/fr\/wp-json\/wp\/v2\/product_cat?post=2530"},{"taxonomy":"product_tag","embeddable":true,"href":"https:\/\/deltavcreations.com\/academy\/fr\/wp-json\/wp\/v2\/product_tag?post=2530"}],"curies":[{"name":"wp","href":"https:\/\/api.w.org\/{rel}","templated":true}]}}