{"id":2537,"date":"2025-10-16T20:38:55","date_gmt":"2025-10-16T18:38:55","guid":{"rendered":"https:\/\/deltavcreations.com\/academy\/boutique\/non%20class\u00e9\/formule-etoile-8h-cours-complet-broderie-de-luneville-aiguille\/"},"modified":"2025-10-16T20:54:07","modified_gmt":"2025-10-16T18:54:07","slug":"formule-etoile-8h-cours-complet-broderie-de-luneville-aiguille","status":"publish","type":"product","link":"https:\/\/deltavcreations.com\/academy\/fr\/boutique\/cours-de-broderie-a-toulouse\/formule-etoile-8h-cours-complet-broderie-de-luneville-aiguille\/","title":{"rendered":"Formule \u00c9toile (8h) : Cours complet Broderie de Lun\u00e9ville &#038; Aiguille"},"content":{"rendered":"<p><strong>La base compl\u00e8te de la broderie Haute Couture.<\/strong> Le parcours id\u00e9al pour acqu\u00e9rir une base solide et compl\u00e8te \u00e0 la fois \u00e0 l\u2019aiguille et au crochet de Lun\u00e9ville. Pendant 8 heures d\u00e9di\u00e9es, vous combinerez harmonieusement les techniques traditionnelles de broderie \u00e0 l\u2019aiguille avec la pr\u00e9cision n\u00e9cessaire \u00e0 l\u2019application des perles et paillettes au crochet de Lun\u00e9ville. Apprenez \u00e0 passer d\u2019une technique \u00e0 l\u2019autre avec assurance et fluidit\u00e9. Cette formule compl\u00e8te vous offre les fondations indispensables pour aborder les cr\u00e9ations les plus raffin\u00e9es de la broderie Haute Couture <strong>et vous assure de quitter l&rsquo;atelier avec des bases solides et une confiance totale pour poursuivre votre parcours cr\u00e9atif<\/strong>.<\/p>\n<p><strong>Structure recommand\u00e9e des s\u00e9ances :<\/strong> Pour une assimilation optimale, il est conseill\u00e9 de r\u00e9partir ce cours en <strong>trois ou quatre s\u00e9ances<\/strong> sur plusieurs jours. Vous pouvez le diviser en :<\/p>\n<ul>\n<li><strong>Trois s\u00e9ances<\/strong> (ex. 3h + 2h30 + 2h30 sur trois jours); ou<\/li>\n<li><strong>Quatre s\u00e9ances plus courtes<\/strong> (ex. 4 \u00d7 2h sur quatre jours).<\/li>\n<\/ul>\n","protected":false},"excerpt":{"rendered":"<p>L\u2019exp\u00e9rience compl\u00e8te de la broderie Haute Couture. Ce cours de broderie combine les techniques traditionnelles \u00e0 l\u2019aiguille et la broderie de Lun\u00e9ville pour acqu\u00e9rir une base solide et compl\u00e8te.<\/p>\n","protected":false},"featured_media":1638,"template":"","meta":[],"product_brand":[],"product_cat":[121],"product_tag":[],"class_list":{"0":"post-2537","1":"product","2":"type-product","3":"status-publish","4":"has-post-thumbnail","6":"product_cat-cours-de-broderie-a-toulouse","8":"first","9":"instock","10":"sold-individually","11":"shipping-taxable","12":"purchasable","13":"product-type-simple"},"_links":{"self":[{"href":"https:\/\/deltavcreations.com\/academy\/fr\/wp-json\/wp\/v2\/product\/2537","targetHints":{"allow":["GET"]}}],"collection":[{"href":"https:\/\/deltavcreations.com\/academy\/fr\/wp-json\/wp\/v2\/product"}],"about":[{"href":"https:\/\/deltavcreations.com\/academy\/fr\/wp-json\/wp\/v2\/types\/product"}],"wp:featuredmedia":[{"embeddable":true,"href":"https:\/\/deltavcreations.com\/academy\/fr\/wp-json\/wp\/v2\/media\/1638"}],"wp:attachment":[{"href":"https:\/\/deltavcreations.com\/academy\/fr\/wp-json\/wp\/v2\/media?parent=2537"}],"wp:term":[{"taxonomy":"product_brand","embeddable":true,"href":"https:\/\/deltavcreations.com\/academy\/fr\/wp-json\/wp\/v2\/product_brand?post=2537"},{"taxonomy":"product_cat","embeddable":true,"href":"https:\/\/deltavcreations.com\/academy\/fr\/wp-json\/wp\/v2\/product_cat?post=2537"},{"taxonomy":"product_tag","embeddable":true,"href":"https:\/\/deltavcreations.com\/academy\/fr\/wp-json\/wp\/v2\/product_tag?post=2537"}],"curies":[{"name":"wp","href":"https:\/\/api.w.org\/{rel}","templated":true}]}}