{"id":2556,"date":"2025-10-18T18:17:33","date_gmt":"2025-10-18T16:17:33","guid":{"rendered":"https:\/\/deltavcreations.com\/academy\/boutique\/non%20class\u00e9\/formule-cadeau-le-cadeau-ideal-de-broderie-pour-les-ames-creatives\/"},"modified":"2025-10-18T19:50:17","modified_gmt":"2025-10-18T17:50:17","slug":"formule-cadeau-le-cadeau-ideal-de-broderie-pour-les-ames-creatives","status":"publish","type":"product","link":"https:\/\/deltavcreations.com\/academy\/fr\/boutique\/cours-de-broderie-a-toulouse\/formule-cadeau-le-cadeau-ideal-de-broderie-pour-les-ames-creatives\/","title":{"rendered":"Formule Cadeau : Le Cadeau Id\u00e9al de Broderie pour les \u00c2mes Cr\u00e9atives"},"content":{"rendered":"<p><strong>Offrez l&rsquo;\u00c9l\u00e9gance et l&rsquo;Expertise.<\/strong><br \/>\nOffrez une exp\u00e9rience cr\u00e9ative inoubliable : la Formule Cadeau est le moyen id\u00e9al de partager l&rsquo;univers \u00e9l\u00e9gant et raffin\u00e9 de la broderie Haute Couture avec une \u00e2me cr\u00e9ative. Vous achetez un Bon Cadeau pour l&rsquo;une des formules de base (Lune, Soleil ou \u00c9toile), laissant \u00e0 votre destinataire la libert\u00e9 de choisir sa trajectoire d&rsquo;apprentissage id\u00e9ale.<br \/>\nC&rsquo;est un cadeau qui offre une exp\u00e9rience artistique unique, pour celles et ceux qui r\u00eavent de d\u00e9couvrir un savoir-faire \u00e9l\u00e9gant et exclusif, sans jamais avoir os\u00e9 franchir le pas. Ce Bon Cadeau leur offre un moment cr\u00e9atif rien que pour elles.<\/p>\n<p><strong>Fonctionnement du Certificat Cadeau : \u00c9tapes Simples<\/strong><br \/>\nLe processus en 3 \u00e9tapes est con\u00e7u pour \u00eatre simple pour vous et enti\u00e8rement flexible pour le destinataire.<\/p>\n<p><strong>Pour l&rsquo;Acheteur (Vous) :<\/strong><\/p>\n<ol>\n<li><strong>S\u00e9lection et Personnalisation :<\/strong> Choisissez la variation de la formule (Lune, Soleil ou \u00c9toile) que vous souhaitez offrir en bon cadeau. Lors de la validation de la commande, indiquez le nom du destinataire et toute note personnelle que vous souhaitez inclure.<\/li>\n<li><strong>R\u00e9ception du Certificat :<\/strong> Sous 24 heures, vous recevrez par e-mail un Bon Cadeau PDF personnalis\u00e9 et pr\u00eat \u00e0 imprimer (pensez \u00e0 v\u00e9rifier votre dossier de courrier ind\u00e9sirable). Ce Bon Cadeau d\u00e9taille la formule offerte et est adress\u00e9 \u00e0 votre destinataire.<\/li>\n<\/ol>\n<p><strong>Pour le Destinataire :<\/strong><\/p>\n<ol start=\"3\">\n<li>Utilisation et Planification : Le destinataire contacte simplement l&rsquo;atelier Delta V Cr\u00e9ations en utilisant les coordonn\u00e9es figurant sur le Bon Cadeau pour planifier son cours de broderie Haute Couture en pr\u00e9sentiel, \u00e0 sa convenance. La structure et la logistique de la session suivront les recommandations de la formule re\u00e7ue.<\/li>\n<\/ol>\n","protected":false},"excerpt":{"rendered":"<p>Offrez un moment de cr\u00e9ativit\u00e9 ! Choisissez une Formule Lune, Soleil ou \u00c9toile comme cadeau inoubliable. Vous recevrez un Bon Cadeau \u00e9l\u00e9gant et personnalis\u00e9, pour que votre destinataire r\u00e9serve sa s\u00e9ance \u00e0 sa convenance.<\/p>\n","protected":false},"featured_media":2563,"template":"","meta":[],"product_brand":[],"product_cat":[121],"product_tag":[],"class_list":{"0":"post-2556","1":"product","2":"type-product","3":"status-publish","4":"has-post-thumbnail","6":"product_cat-cours-de-broderie-a-toulouse","8":"first","9":"instock","10":"sold-individually","11":"shipping-taxable","12":"purchasable","13":"product-type-variable"},"_links":{"self":[{"href":"https:\/\/deltavcreations.com\/academy\/fr\/wp-json\/wp\/v2\/product\/2556","targetHints":{"allow":["GET"]}}],"collection":[{"href":"https:\/\/deltavcreations.com\/academy\/fr\/wp-json\/wp\/v2\/product"}],"about":[{"href":"https:\/\/deltavcreations.com\/academy\/fr\/wp-json\/wp\/v2\/types\/product"}],"wp:featuredmedia":[{"embeddable":true,"href":"https:\/\/deltavcreations.com\/academy\/fr\/wp-json\/wp\/v2\/media\/2563"}],"wp:attachment":[{"href":"https:\/\/deltavcreations.com\/academy\/fr\/wp-json\/wp\/v2\/media?parent=2556"}],"wp:term":[{"taxonomy":"product_brand","embeddable":true,"href":"https:\/\/deltavcreations.com\/academy\/fr\/wp-json\/wp\/v2\/product_brand?post=2556"},{"taxonomy":"product_cat","embeddable":true,"href":"https:\/\/deltavcreations.com\/academy\/fr\/wp-json\/wp\/v2\/product_cat?post=2556"},{"taxonomy":"product_tag","embeddable":true,"href":"https:\/\/deltavcreations.com\/academy\/fr\/wp-json\/wp\/v2\/product_tag?post=2556"}],"curies":[{"name":"wp","href":"https:\/\/api.w.org\/{rel}","templated":true}]}}