{"id":2569,"date":"2025-10-18T19:31:19","date_gmt":"2025-10-18T17:31:19","guid":{"rendered":"https:\/\/deltavcreations.com\/academy\/boutique\/non%20class\u00e9\/formule-galaxie-cours-de-broderie-particuliers-sur-mesure\/"},"modified":"2025-10-19T08:20:57","modified_gmt":"2025-10-19T06:20:57","slug":"formule-galaxie-cours-de-broderie-particuliers-sur-mesure","status":"publish","type":"product","link":"https:\/\/deltavcreations.com\/academy\/fr\/boutique\/cours-de-broderie-a-toulouse\/formule-galaxie-cours-de-broderie-particuliers-sur-mesure\/","title":{"rendered":"Formule Galaxie : Cours de Broderie Particuliers Sur Mesure"},"content":{"rendered":"<p><strong>Cr\u00e9ez votre propre trajectoire cr\u00e9ative.<\/strong> La Formule Galaxie s\u2019adresse aux \u00e9l\u00e8ves interm\u00e9diaires et avanc\u00e9s, aux projets professionnels ou \u00e0 la r\u00e9solution de d\u00e9fis techniques sp\u00e9cifiques. Une exp\u00e9rience \u00e0 la carte o\u00f9 vous d\u00e9finissez le programme, la dur\u00e9e et le rythme. Que vous souhaitiez approfondir une technique complexe (\u00e9l\u00e9ments en relief, mat\u00e9riaux sp\u00e9cifiques) ou b\u00e9n\u00e9ficier d\u2019un accompagnement expert pour un projet complet, vous recevrez un <strong>encadrement sur mesure au plus haut niveau d\u2019exigence<\/strong>.<\/p>\n<p><strong>Structure recommand\u00e9e des s\u00e9ances :<\/strong> Les s\u00e9ances sont programm\u00e9es selon vos disponibilit\u00e9s et vos besoins. Chaque cours priv\u00e9 dure entre <strong>1h30 et 3h<\/strong>, avec un <strong>minimum de r\u00e9servation de 2 heures<\/strong>.<\/p>\n","protected":false},"excerpt":{"rendered":"<p>Un apprentissage \u00e0 la carte, id\u00e9al pour les \u00e9l\u00e8ves avanc\u00e9s, la cr\u00e9ation de portfolio ou des d\u00e9fis techniques pr\u00e9cis. Cr\u00e9ez votre propre programme personnalis\u00e9 de 2 \u00e0 10 heures (ou plus), enti\u00e8rement adapt\u00e9 \u00e0 vos besoins.<\/p>\n","protected":false},"featured_media":2567,"template":"","meta":[],"product_brand":[],"product_cat":[121],"product_tag":[],"class_list":{"0":"post-2569","1":"product","2":"type-product","3":"status-publish","4":"has-post-thumbnail","6":"product_cat-cours-de-broderie-a-toulouse","8":"first","9":"onbackorder","10":"shipping-taxable","11":"product-type-simple"},"_links":{"self":[{"href":"https:\/\/deltavcreations.com\/academy\/fr\/wp-json\/wp\/v2\/product\/2569","targetHints":{"allow":["GET"]}}],"collection":[{"href":"https:\/\/deltavcreations.com\/academy\/fr\/wp-json\/wp\/v2\/product"}],"about":[{"href":"https:\/\/deltavcreations.com\/academy\/fr\/wp-json\/wp\/v2\/types\/product"}],"wp:featuredmedia":[{"embeddable":true,"href":"https:\/\/deltavcreations.com\/academy\/fr\/wp-json\/wp\/v2\/media\/2567"}],"wp:attachment":[{"href":"https:\/\/deltavcreations.com\/academy\/fr\/wp-json\/wp\/v2\/media?parent=2569"}],"wp:term":[{"taxonomy":"product_brand","embeddable":true,"href":"https:\/\/deltavcreations.com\/academy\/fr\/wp-json\/wp\/v2\/product_brand?post=2569"},{"taxonomy":"product_cat","embeddable":true,"href":"https:\/\/deltavcreations.com\/academy\/fr\/wp-json\/wp\/v2\/product_cat?post=2569"},{"taxonomy":"product_tag","embeddable":true,"href":"https:\/\/deltavcreations.com\/academy\/fr\/wp-json\/wp\/v2\/product_tag?post=2569"}],"curies":[{"name":"wp","href":"https:\/\/api.w.org\/{rel}","templated":true}]}}