{"id":1633,"date":"2025-12-11T20:54:30","date_gmt":"2025-12-11T19:54:30","guid":{"rendered":"https:\/\/deltavcreations.com\/boutique\/sin%20categor\u00eda\/bufanda-de-cachemira-con-rosa-de-los-vientos-bordada-a-mano-alcyone\/"},"modified":"2025-12-11T21:00:03","modified_gmt":"2025-12-11T20:00:03","slug":"bufanda-de-cachemira-con-rosa-de-los-vientos-bordada-a-mano-alcyone","status":"publish","type":"product","link":"https:\/\/deltavcreations.com\/es\/boutique\/coleccion-pleyades\/bufanda-de-cachemira-con-rosa-de-los-vientos-bordada-a-mano-alcyone\/","title":{"rendered":"Bufanda de Cachemira con Rosa de los Vientos Bordada a Mano \u2014 ALCYONE"},"content":{"rendered":"<p>En la mitolog\u00eda griega, Alcyone velaba sobre el mar Mediterr\u00e1neo, calmando los vientos durante los D\u00edas Alcioneos \u2014 ese raro momento de invierno en que las aguas encuentran una serenidad perfecta. <\/p>\n<p>Su historia es la de un amor profundo: amaba tanto a su esposo, Ceyx, que al conocer su muerte, se lanz\u00f3 al mar para reunirse con \u00e9l. Conmovidos por su amor, los dioses los transformaron a ambos en martines pescadores, unidos para siempre sobre las olas.<br \/>\nUna leyenda de amor, de calma y de mares que suavizan los vientos m\u00e1s violentos. <\/p>\n<p>Esta bufanda de cachemira reinterpreta la leyenda de Alcyone con una rosa de los vientos bordada a mano, una creaci\u00f3n que evoca el esp\u00edritu del Mediterr\u00e1neo que ella proteg\u00eda. <\/p>\n<p>Una pieza de art-\u00e0-porter pura. Un dise\u00f1o nacido de la mitolog\u00eda, bordado para la mujer enamorada cuya confianza es serena y firme. Para aquella que sabe que el poder de su presencia no reside en la palabra, sino en la tranquilidad.<\/p>\n","protected":false},"excerpt":{"rendered":"<p>Bufanda de cachemira turquesa con una rosa de los vientos bordada a mano, inspirada en Alcyone, la l\u00edder de las Pl\u00e9yades \u2014 s\u00edmbolo del esp\u00edritu mediterr\u00e1neo.<\/p>\n","protected":false},"featured_media":1624,"template":"","meta":[],"product_brand":[],"product_cat":[50],"product_tag":[],"class_list":{"0":"post-1633","1":"product","2":"type-product","3":"status-publish","4":"has-post-thumbnail","6":"product_cat-coleccion-pleyades","8":"first","9":"outofstock","10":"shipping-taxable","11":"purchasable","12":"product-type-simple"},"_links":{"self":[{"href":"https:\/\/deltavcreations.com\/es\/wp-json\/wp\/v2\/product\/1633","targetHints":{"allow":["GET"]}}],"collection":[{"href":"https:\/\/deltavcreations.com\/es\/wp-json\/wp\/v2\/product"}],"about":[{"href":"https:\/\/deltavcreations.com\/es\/wp-json\/wp\/v2\/types\/product"}],"wp:featuredmedia":[{"embeddable":true,"href":"https:\/\/deltavcreations.com\/es\/wp-json\/wp\/v2\/media\/1624"}],"wp:attachment":[{"href":"https:\/\/deltavcreations.com\/es\/wp-json\/wp\/v2\/media?parent=1633"}],"wp:term":[{"taxonomy":"product_brand","embeddable":true,"href":"https:\/\/deltavcreations.com\/es\/wp-json\/wp\/v2\/product_brand?post=1633"},{"taxonomy":"product_cat","embeddable":true,"href":"https:\/\/deltavcreations.com\/es\/wp-json\/wp\/v2\/product_cat?post=1633"},{"taxonomy":"product_tag","embeddable":true,"href":"https:\/\/deltavcreations.com\/es\/wp-json\/wp\/v2\/product_tag?post=1633"}],"curies":[{"name":"wp","href":"https:\/\/api.w.org\/{rel}","templated":true}]}}