{"id":1617,"date":"2025-12-11T20:28:03","date_gmt":"2025-12-11T19:28:03","guid":{"rendered":"https:\/\/deltavcreations.com\/boutique\/non%20class\u00e9\/kimono-noir-brode-a-la-main-avec-cristaux-celaeno\/"},"modified":"2025-12-11T20:34:37","modified_gmt":"2025-12-11T19:34:37","slug":"kimono-noir-brode-a-la-main-avec-cristaux-celaeno","status":"publish","type":"product","link":"https:\/\/deltavcreations.com\/fr\/boutique\/collection-pleiades\/kimono-noir-brode-a-la-main-avec-cristaux-celaeno\/","title":{"rendered":"Kimono Noir Brod\u00e9 \u00e0 la Main avec Cristaux \u2014 CELAENO"},"content":{"rendered":"<p>Dans la mythologie grecque, les Pl\u00e9iades \u2014 filles d\u2019Atlas \u2014 forment une constellation si lumineuse que les marins s\u2019y fiaient autrefois pour guider leurs routes. Certaines de ces s\u0153urs brillaient avec \u00e9clat. D\u2019autres choisissaient l\u2019ombre.<\/p>\n<p>C\u00e9laeno est de celles-l\u00e0. Son nom signifie <em>la sombre<\/em>, cette pr\u00e9sence silencieuse, souvent n\u00e9glig\u00e9e par les r\u00e9cits. La l\u00e9gende raconte qu\u2019elle irradiait jadis autant que ses s\u0153urs, avant qu\u2019un \u00e9clair ne voile sa lumi\u00e8re sans jamais l\u2019\u00e9teindre. Une force ressentie plut\u00f4t que vue.<\/p>\n<p>Cette veste kimono noire r\u00e9interpr\u00e8te son \u00e9clat discret \u00e0 travers une broderie contemporaine : un quadrillage g\u00e9om\u00e9trique en cristaux ceinturant la taille, qui ne scintille que lorsqu\u2019il capte la lumi\u00e8re \u2014 comme une \u00e9toile qui brille doucement au bord de la nuit.<\/p>\n<p>\u00c9pur\u00e9e dans sa palette mais \u00e9l\u00e9gante par sa pr\u00e9sence, elle incarne un luxe qui n\u2019a pas besoin de se montrer pour s\u2019imposer.<\/p>\n<p>Une pi\u00e8ce d\u2019art-\u00e0-porter intime, pens\u00e9e pour la femme dont l\u2019\u00e9l\u00e9gance est subtile, magn\u00e9tique, et ind\u00e9niablement singuli\u00e8re.<\/p>\n","protected":false},"excerpt":{"rendered":"<p>Veste kimono noire brod\u00e9e \u00e0 la main, inspir\u00e9e de C\u00e9laeno, l\u2019\u00e9toile myst\u00e9rieuse des Pl\u00e9iades \u2014 une pi\u00e8ce d\u2019art-\u00e0-porter \u00e9l\u00e9gante et discr\u00e8te.<\/p>\n","protected":false},"featured_media":1602,"template":"","meta":[],"product_brand":[],"product_cat":[49],"product_tag":[],"class_list":{"0":"post-1617","1":"product","2":"type-product","3":"status-publish","4":"has-post-thumbnail","6":"product_cat-collection-pleiades","8":"first","9":"instock","10":"shipping-taxable","11":"purchasable","12":"product-type-simple"},"_links":{"self":[{"href":"https:\/\/deltavcreations.com\/fr\/wp-json\/wp\/v2\/product\/1617","targetHints":{"allow":["GET"]}}],"collection":[{"href":"https:\/\/deltavcreations.com\/fr\/wp-json\/wp\/v2\/product"}],"about":[{"href":"https:\/\/deltavcreations.com\/fr\/wp-json\/wp\/v2\/types\/product"}],"wp:featuredmedia":[{"embeddable":true,"href":"https:\/\/deltavcreations.com\/fr\/wp-json\/wp\/v2\/media\/1602"}],"wp:attachment":[{"href":"https:\/\/deltavcreations.com\/fr\/wp-json\/wp\/v2\/media?parent=1617"}],"wp:term":[{"taxonomy":"product_brand","embeddable":true,"href":"https:\/\/deltavcreations.com\/fr\/wp-json\/wp\/v2\/product_brand?post=1617"},{"taxonomy":"product_cat","embeddable":true,"href":"https:\/\/deltavcreations.com\/fr\/wp-json\/wp\/v2\/product_cat?post=1617"},{"taxonomy":"product_tag","embeddable":true,"href":"https:\/\/deltavcreations.com\/fr\/wp-json\/wp\/v2\/product_tag?post=1617"}],"curies":[{"name":"wp","href":"https:\/\/api.w.org\/{rel}","templated":true}]}}