{"id":1632,"date":"2025-12-11T20:54:30","date_gmt":"2025-12-11T19:54:30","guid":{"rendered":"https:\/\/deltavcreations.com\/boutique\/non%20class\u00e9\/echarpe-en-cachemire-avec-rose-des-vents-brodee-main-alcyone\/"},"modified":"2025-12-11T21:00:19","modified_gmt":"2025-12-11T20:00:19","slug":"echarpe-en-cachemire-avec-rose-des-vents-brodee-main-alcyone","status":"publish","type":"product","link":"https:\/\/deltavcreations.com\/fr\/boutique\/collection-pleiades\/echarpe-en-cachemire-avec-rose-des-vents-brodee-main-alcyone\/","title":{"rendered":"\u00c9charpe en Cachemire avec Rose des Vents Brod\u00e9e Main \u2014 ALCYONE"},"content":{"rendered":"<p>Dans la mythologie grecque, Alcyone veillait sur la mer M\u00e9diterran\u00e9e, apaisant les vents pendant les Jours Alcyoniens \u2014 ce moment rare d\u2019hiver o\u00f9 les eaux trouvent une parfaite s\u00e9r\u00e9nit\u00e9. <\/p>\n<p>Son histoire est celle d\u2019un amour profond : elle aimait tant son \u00e9poux, Ceyx, qu\u2019\u00e0 l\u2019annonce de sa mort, elle se jeta dans la mer pour le rejoindre. \u00c9mus par leur amour, les dieux les transform\u00e8rent tous deux en martin-p\u00eacheurs, r\u00e9unis \u00e0 jamais au-dessus des vagues. Une l\u00e9gende d\u2019amour, de calme, et de mers qui adoucissent les vents les plus violents. <\/p>\n<p>Cette \u00e9charpe en cachemire revisite la l\u00e9gende d\u2019Alcyone \u00e0 travers une rose des vents brod\u00e9e \u00e0 la main, interpr\u00e9tation qui \u00e9voque l\u2019esprit de la M\u00e9diterran\u00e9e qu\u2019elle prot\u00e9geait autrefois. <\/p>\n<p>Une pi\u00e8ce d\u2019art-\u00e0-porter pure. Un design n\u00e9 de la mythologie, brod\u00e9 pour la femme aimante dont la confiance est calme et ancr\u00e9e. Pour celle qui sait que la puissance de sa pr\u00e9sence ne r\u00e9side pas dans la parole, mais dans la s\u00e9r\u00e9nit\u00e9.<\/p>\n","protected":false},"excerpt":{"rendered":"<p>\u00c9charpe en cachemire turquoise orn\u00e9e d\u2019une rose des vents brod\u00e9e \u00e0 la main, inspir\u00e9e d\u2019Alcyone, \u00e9toile des Pl\u00e9iades \u2014 symbole de l\u2019esprit m\u00e9diterran\u00e9en.<\/p>\n","protected":false},"featured_media":1623,"template":"","meta":[],"product_brand":[],"product_cat":[49],"product_tag":[],"class_list":{"0":"post-1632","1":"product","2":"type-product","3":"status-publish","4":"has-post-thumbnail","6":"product_cat-collection-pleiades","8":"first","9":"outofstock","10":"shipping-taxable","11":"purchasable","12":"product-type-simple"},"_links":{"self":[{"href":"https:\/\/deltavcreations.com\/fr\/wp-json\/wp\/v2\/product\/1632","targetHints":{"allow":["GET"]}}],"collection":[{"href":"https:\/\/deltavcreations.com\/fr\/wp-json\/wp\/v2\/product"}],"about":[{"href":"https:\/\/deltavcreations.com\/fr\/wp-json\/wp\/v2\/types\/product"}],"wp:featuredmedia":[{"embeddable":true,"href":"https:\/\/deltavcreations.com\/fr\/wp-json\/wp\/v2\/media\/1623"}],"wp:attachment":[{"href":"https:\/\/deltavcreations.com\/fr\/wp-json\/wp\/v2\/media?parent=1632"}],"wp:term":[{"taxonomy":"product_brand","embeddable":true,"href":"https:\/\/deltavcreations.com\/fr\/wp-json\/wp\/v2\/product_brand?post=1632"},{"taxonomy":"product_cat","embeddable":true,"href":"https:\/\/deltavcreations.com\/fr\/wp-json\/wp\/v2\/product_cat?post=1632"},{"taxonomy":"product_tag","embeddable":true,"href":"https:\/\/deltavcreations.com\/fr\/wp-json\/wp\/v2\/product_tag?post=1632"}],"curies":[{"name":"wp","href":"https:\/\/api.w.org\/{rel}","templated":true}]}}