{"id":1670,"date":"2025-12-11T21:55:42","date_gmt":"2025-12-11T20:55:42","guid":{"rendered":"https:\/\/deltavcreations.com\/boutique\/non%20class\u00e9\/echarpe-en-cachemire-brodee-a-la-main-avec-cerisier-en-fleur-maia\/"},"modified":"2025-12-11T22:01:10","modified_gmt":"2025-12-11T21:01:10","slug":"echarpe-en-cachemire-brodee-a-la-main-avec-cerisier-en-fleur-maia","status":"publish","type":"product","link":"https:\/\/deltavcreations.com\/fr\/boutique\/collection-pleiades\/echarpe-en-cachemire-brodee-a-la-main-avec-cerisier-en-fleur-maia\/","title":{"rendered":"\u00c9charpe en Cachemire Brod\u00e9e \u00e0 la Main avec Cerisier en Fleur \u2014 MAIA"},"content":{"rendered":"<p>Maia, l\u2019a\u00een\u00e9e des s\u0153urs Pl\u00e9iades, \u00e9tait r\u00e9put\u00e9e pour sa beaut\u00e9, sa solitude et sa gr\u00e2ce discr\u00e8te. Timide et solitaire, Maia vivait dans une grotte du mont Cyll\u00e8ne, loin du monde. Pourtant, m\u00eame dans sa solitude, son r\u00f4le \u00e9tait essentiel : elle devint la m\u00e8re d\u2019Herm\u00e8s, messager des dieux. <\/p>\n<p>Pour les Romains, elle \u00e9tait la d\u00e9esse du printemps, son nom \u00e0 jamais li\u00e9 au mois de mai. Elle incarne le renouveau, les nouveaux d\u00e9buts, la croissance douce mais inarr\u00eatable. Une femme qui s\u2019\u00e9panouit \u00e0 son propre rythme, dans son propre silence, dans sa propre lumi\u00e8re.<\/p>\n<p>Cette \u00e9charpe en cachemire rose p\u00e2le revisite sa l\u00e9gende \u00e0 travers une branche de cerisier en fleur brod\u00e9e \u00e0 la main, capturant la douceur et la beaut\u00e9 du printemps.  Chaque point c\u00e9l\u00e8bre la renaissance, la tendresse et la force in\u00e9branlable de la gr\u00e2ce f\u00e9minine. <\/p>\n<p>Pour la femme qui souhaite incarner sa version la plus naturelle et florissante \u2014 douce, mais puissante ; discr\u00e8te, mais inoubliable.<\/p>\n","protected":false},"excerpt":{"rendered":"<p>\u00c9charpe en cachemire rose p\u00e2le orn\u00e9e d\u2019une branche de cerisier en fleur brod\u00e9e \u00e0 la main, inspir\u00e9e de Maia, l\u2019a\u00een\u00e9e des Pl\u00e9iades \u2014 symbole de printemps et de renouveau.<\/p>\n","protected":false},"featured_media":1667,"template":"","meta":[],"product_brand":[],"product_cat":[49],"product_tag":[],"class_list":{"0":"post-1670","1":"product","2":"type-product","3":"status-publish","4":"has-post-thumbnail","6":"product_cat-collection-pleiades","8":"first","9":"instock","10":"shipping-taxable","11":"purchasable","12":"product-type-simple"},"_links":{"self":[{"href":"https:\/\/deltavcreations.com\/fr\/wp-json\/wp\/v2\/product\/1670","targetHints":{"allow":["GET"]}}],"collection":[{"href":"https:\/\/deltavcreations.com\/fr\/wp-json\/wp\/v2\/product"}],"about":[{"href":"https:\/\/deltavcreations.com\/fr\/wp-json\/wp\/v2\/types\/product"}],"wp:featuredmedia":[{"embeddable":true,"href":"https:\/\/deltavcreations.com\/fr\/wp-json\/wp\/v2\/media\/1667"}],"wp:attachment":[{"href":"https:\/\/deltavcreations.com\/fr\/wp-json\/wp\/v2\/media?parent=1670"}],"wp:term":[{"taxonomy":"product_brand","embeddable":true,"href":"https:\/\/deltavcreations.com\/fr\/wp-json\/wp\/v2\/product_brand?post=1670"},{"taxonomy":"product_cat","embeddable":true,"href":"https:\/\/deltavcreations.com\/fr\/wp-json\/wp\/v2\/product_cat?post=1670"},{"taxonomy":"product_tag","embeddable":true,"href":"https:\/\/deltavcreations.com\/fr\/wp-json\/wp\/v2\/product_tag?post=1670"}],"curies":[{"name":"wp","href":"https:\/\/api.w.org\/{rel}","templated":true}]}}